{"id":1813,"date":"2025-04-01T19:27:04","date_gmt":"2025-04-01T19:27:04","guid":{"rendered":"http:\/\/beckerracing.de\/?page_id=1813"},"modified":"2025-11-23T10:34:08","modified_gmt":"2025-11-23T10:34:08","slug":"die-geschichte-des-becker-racing-team","status":"publish","type":"page","link":"http:\/\/beckerracing.de\/?page_id=1813","title":{"rendered":"Die Geschichte des Becker Racing Team."},"content":{"rendered":"\n<h2 class=\"wp-block-heading\">ADAC MX Masters 2025<\/h2>\n\n\n\n<p>Mit insgesamt 13 Fahrer z\u00e4hlte das Becker Racing Team in der Saison 2025 zu einem der gr\u00f6\u00dften im ADAC MX Masters Fahrerlager. In der Masters Klasse starteten Maximilian Spies (7), Vaclav Kovar (101), Nico Koch (260), Thomas Vermijl (278) und Marnique Appelt (440). Lucas Bruhn (105) Jonathan Frank (194) und Maxime Lucas (529) vertraten die Teamfarben im Youngsters Cup. Im Junior Cup 125 und 85 starteten Elias Pfeiffer (171) Marius Simonsen (523), Mark Tanneberger (811), Luca Frank (516) und Johnny Schrader (792). Highlights der Saison waren die Podiumspl\u00e4tze von Maximilian, der Gesamtsieg in Gaildorf und nat\u00fcrlich die Ergebnisse in der Meisterschaftsgesamtwertung (P3 f\u00fcr Maximilian und P2 in der Teamwertung).<\/p>\n\n\n\n<p>Neben weiteren Erfolgen in der Deutschen Meisterschaft war das Team auch international erfolgreich. So wurde Lucas Vizemeister der D\u00e4nischen MX2 Meisterschaft und Maximilian vertrat Deutschland beim Motocross of Nations in den USA.<\/p>\n\n\n\n<figure class=\"wp-block-image size-large\"><img loading=\"lazy\" decoding=\"async\" width=\"1024\" height=\"570\" src=\"http:\/\/beckerracing.de\/wp-content\/uploads\/2025\/11\/2025-1024x570.png\" alt=\"\" class=\"wp-image-2050\" srcset=\"http:\/\/beckerracing.de\/wp-content\/uploads\/2025\/11\/2025-1024x570.png 1024w, http:\/\/beckerracing.de\/wp-content\/uploads\/2025\/11\/2025-300x167.png 300w, http:\/\/beckerracing.de\/wp-content\/uploads\/2025\/11\/2025-768x428.png 768w, http:\/\/beckerracing.de\/wp-content\/uploads\/2025\/11\/2025-1536x855.png 1536w, http:\/\/beckerracing.de\/wp-content\/uploads\/2025\/11\/2025.png 1927w\" sizes=\"auto, (max-width: 1024px) 100vw, 1024px\" \/><\/figure>\n\n\n\n<h2 class=\"wp-block-heading\">ADAC SX Cup 2024\/2025<\/h2>\n\n\n\n<p>Auch in der Saison 2024\/2025 startete das Becker Racing Team im ADAC SX Cup. In der SX1 starteten Max Spies (7) und Mathias Tang (124) in den Leatt Teamfarben. Vaclav Kovar (101), Luca Harms (136), Nico Koch (260) und Marnique Appelt (440) traten in der Klasse SX2 an. Hier startete die Saison gleich mit einem H\u00f6hepunkt, denn Nico fuhr Platz 2 am Samstag beim Supercross in Stuttgart ein. Insgesamt belegte er in der Saison Platz 6.<\/p>\n\n\n\n<p>Als weiteres Highlight ging es f\u00fcr Nico und einige Mitglieder des Becker Racing Teams zum Supercross in die USA. Nico nahm an drei Runden der AMA Serie teil und konnte gleich beim ersten Rennen in das Finale einziehen und sich seine ersten AMA Punkte sichern.<\/p>\n\n\n\n<figure class=\"wp-block-image size-large\"><img loading=\"lazy\" decoding=\"async\" width=\"1024\" height=\"584\" src=\"http:\/\/beckerracing.de\/wp-content\/uploads\/2025\/04\/sx2024-1024x584.png\" alt=\"\" class=\"wp-image-1836\" srcset=\"http:\/\/beckerracing.de\/wp-content\/uploads\/2025\/04\/sx2024-1024x584.png 1024w, http:\/\/beckerracing.de\/wp-content\/uploads\/2025\/04\/sx2024-300x171.png 300w, http:\/\/beckerracing.de\/wp-content\/uploads\/2025\/04\/sx2024-768x438.png 768w, http:\/\/beckerracing.de\/wp-content\/uploads\/2025\/04\/sx2024-1536x877.png 1536w, http:\/\/beckerracing.de\/wp-content\/uploads\/2025\/04\/sx2024.png 1908w\" sizes=\"auto, (max-width: 1024px) 100vw, 1024px\" \/><\/figure>\n\n\n\n<h2 class=\"wp-block-heading\">ADAC MX Masters 2024<\/h2>\n\n\n\n<p>Mit einigen Neuzug\u00e4ngen und Klassenwechsel ging es in die Saison 2024. In der Masters Klasse starteten Vaclav Kovar (101), Nico Koch (260), Thomas Vermijl (278) und Marnique Appelt (440). Lucas Bruhn (105) und Max Palsson (586) vertraten die Teamfarben im Youngsters Cup. Im Junior Cup starteten Elias Pfeiffer (171) und Jonathan Frank (194). Highlights der Saison waren die starken Leistungen von Jonathan, so konnte er gleich zum Saisonauftakt in F\u00fcrstlich Drehna ein Podium einfahren.<\/p>\n\n\n\n<p>Auch in der Deutschen Meisterschaft war das Becker Racing Team wieder vertreten und so konnte Nico erneut den Vizetitel in der Open Kategorie holen.<\/p>\n\n\n\n<figure class=\"wp-block-image size-large\"><img loading=\"lazy\" decoding=\"async\" width=\"1024\" height=\"572\" src=\"http:\/\/beckerracing.de\/wp-content\/uploads\/2025\/04\/2024-1024x572.png\" alt=\"\" class=\"wp-image-1835\" srcset=\"http:\/\/beckerracing.de\/wp-content\/uploads\/2025\/04\/2024-1024x572.png 1024w, http:\/\/beckerracing.de\/wp-content\/uploads\/2025\/04\/2024-300x167.png 300w, http:\/\/beckerracing.de\/wp-content\/uploads\/2025\/04\/2024-768x429.png 768w, http:\/\/beckerracing.de\/wp-content\/uploads\/2025\/04\/2024-1536x858.png 1536w, http:\/\/beckerracing.de\/wp-content\/uploads\/2025\/04\/2024.png 1938w\" sizes=\"auto, (max-width: 1024px) 100vw, 1024px\" \/><\/figure>\n\n\n\n<h2 class=\"wp-block-heading\">ADAC SX Cup 2023\/2024<\/h2>\n\n\n\n<p>Im ADAC SX Cup 2023\/2024 starteten Vaclav Kovar (101), &nbsp;Mathias Tang (124) und Anton Nordstr\u00f6m Graaf (667) in der SX1 Klasse f\u00fcr das Becker Racing Team. In der SX2 Klasse wurde das Team durch Nico Koch (260), Marnique Appelt (440) und Roel van Ham (487) vertreten. H\u00f6hepunkte der Saison waren die zwei Podiumspl\u00e4tze von Nico beim Supercross in Dortmund.<\/p>\n\n\n\n<figure class=\"wp-block-image size-large\"><img loading=\"lazy\" decoding=\"async\" width=\"1024\" height=\"587\" src=\"http:\/\/beckerracing.de\/wp-content\/uploads\/2025\/04\/sx2023-1024x587.png\" alt=\"\" class=\"wp-image-1834\" srcset=\"http:\/\/beckerracing.de\/wp-content\/uploads\/2025\/04\/sx2023-1024x587.png 1024w, http:\/\/beckerracing.de\/wp-content\/uploads\/2025\/04\/sx2023-300x172.png 300w, http:\/\/beckerracing.de\/wp-content\/uploads\/2025\/04\/sx2023-768x440.png 768w, http:\/\/beckerracing.de\/wp-content\/uploads\/2025\/04\/sx2023-1536x880.png 1536w, http:\/\/beckerracing.de\/wp-content\/uploads\/2025\/04\/sx2023.png 1913w\" sizes=\"auto, (max-width: 1024px) 100vw, 1024px\" \/><\/figure>\n\n\n\n<h2 class=\"wp-block-heading\">ADAC MX Masters 2023<\/h2>\n\n\n\n<p>Zur Saison 2023 wechselte das Becker Racing Team auf GasGas und so war rot die dominierende Farbe unter dem Teamzelt. In der Masters Klasse starteten V\u00e1clav Kov\u00e1\u0159 (101), Nico Koch (260), Thomas Vermijl (278) und Anton Nordstr\u00f6m Graaf (667). Bei den Youngsters vertraten Lucas Bruhn (105) und Marnique Appelt (440) die Teamfarben. Jonathan Frank (194), Jakob Frandsen (633), Jacob Bloch (412) und Marius Simonsen (523) gingen im Junior Cup 125 und 85 an den Start. Highlights des Saison waren viele Top Ten Platzierungen in den verschiedenen Klassen und der vierte Platz in der Teamwertung am Jahresende.<\/p>\n\n\n\n<p>Auch bei der Deutschen Meisterschaft war das Becker Racing Team wieder sehr erfolgreich. So holten Marnique und Nico mehrere Tagessiege in der DM250 und Open DM. In der Gesamtwertung holte sich Marnique den DM250 Titel und Nico wurde knapp geschlagen Vizemeister in der Open DM.<\/p>\n\n\n\n<figure class=\"wp-block-image size-large\"><img loading=\"lazy\" decoding=\"async\" width=\"1024\" height=\"596\" src=\"http:\/\/beckerracing.de\/wp-content\/uploads\/2025\/04\/2023-1024x596.png\" alt=\"\" class=\"wp-image-1833\" srcset=\"http:\/\/beckerracing.de\/wp-content\/uploads\/2025\/04\/2023-1024x596.png 1024w, http:\/\/beckerracing.de\/wp-content\/uploads\/2025\/04\/2023-300x175.png 300w, http:\/\/beckerracing.de\/wp-content\/uploads\/2025\/04\/2023-768x447.png 768w, http:\/\/beckerracing.de\/wp-content\/uploads\/2025\/04\/2023-1536x894.png 1536w, http:\/\/beckerracing.de\/wp-content\/uploads\/2025\/04\/2023.png 1952w\" sizes=\"auto, (max-width: 1024px) 100vw, 1024px\" \/><\/figure>\n\n\n\n<h2 class=\"wp-block-heading\">ADAC SX Cup 2022\/2023<\/h2>\n\n\n\n<p>Nach der Corona-Zwangspause gab es in der Saison 2022\/2023 wieder einen ADAC SX Cup. F\u00fcr das Becker Racing Team starteten in der SX1 Mathias Tang (124) und Anton Nordstr\u00f6m Graaf (667). In der SX2 Klasse wurde das Team durch Nico Koch (60), Magnus Smith (256) und Jimmy Grajwoda (99) vertreten. H\u00f6hepunkte waren der vierte Platz von Magnus am ersten Abend in Stuttgart und die drei Finalteilnahmen von Nico in Dortmund.<\/p>\n\n\n\n<figure class=\"wp-block-image size-large\"><img loading=\"lazy\" decoding=\"async\" width=\"1024\" height=\"553\" src=\"http:\/\/beckerracing.de\/wp-content\/uploads\/2025\/04\/sx2022-1024x553.png\" alt=\"\" class=\"wp-image-1832\" srcset=\"http:\/\/beckerracing.de\/wp-content\/uploads\/2025\/04\/sx2022-1024x553.png 1024w, http:\/\/beckerracing.de\/wp-content\/uploads\/2025\/04\/sx2022-300x162.png 300w, http:\/\/beckerracing.de\/wp-content\/uploads\/2025\/04\/sx2022-768x415.png 768w, http:\/\/beckerracing.de\/wp-content\/uploads\/2025\/04\/sx2022-1536x830.png 1536w, http:\/\/beckerracing.de\/wp-content\/uploads\/2025\/04\/sx2022-1110x600.png 1110w, http:\/\/beckerracing.de\/wp-content\/uploads\/2025\/04\/sx2022.png 1903w\" sizes=\"auto, (max-width: 1024px) 100vw, 1024px\" \/><\/figure>\n\n\n\n<h2 class=\"wp-block-heading\">ADAC MX Masters 2022<\/h2>\n\n\n\n<p>Die Nachwuchsarbeit war das Hauptaugenmerkt f\u00fcr die Saison 2022. So wurde das Becker Racing Team einzig durch Thomas Vermijl (278) in der MX Masters Klasse vertreten. Noah Ludwig (300) versuchte ein Wort um den Titelkampf des MX Youngsters Cup mitzureden. Im Junior Cup 125 und 85 wurde das Team durch Lucas Bruhn (105), Mads Freds\u00f8e (515), Jakob Frandsen (633), Frederik Rahn Stampe (80), Jacob Bloch (212), Marius U Simonsen (523) und Maxime Lucas (529) vertreten. H\u00f6hepunkte der Saison waren die Laufsiege, viele Holeshots und der Tagessieg in F\u00fcrstlich Drehna von Noah.<\/p>\n\n\n\n<p>Noah kr\u00f6nte die Saison mit dem dritten Platz in der Meisterschaft und dem Sieg in der Holeshot-Wertung. Maxime sorgte ebenfalls f\u00fcr positive Schlagzeilen, denn mit einem Tagessieg beim Saisonauftakt in M\u00f6lln konnte er lange die Meisterschaft anf\u00fchren. Leider verlor er sie mit einem R\u00fcckstand von nur zwei Punkten. Trotzdem war das Becker Racing Team mit dem Vizetitel im ADAC Junior Cup 85 hochzufrieden. In der Teamwertung belegte das Team 2022 Platz 10.<\/p>\n\n\n\n<p>Auch bei den europ\u00e4ischen Stationen der Motocross Welt- und Europameisterschaft war das Team unterwegs. So konnte Noah in der MX2 flei\u00dfig Punkte sammeln. Sein bestes Ergebnis war dabei Platz 16 beim GP of Flanders in Lommel. Ebenfalls in Lommel zeigten sich die drei 125ccm Junioren in H\u00f6chstform und fuhren geschlossen in die Top 15 der EMX 125. Auch in der Deutschen Meisterschaft war Noah erfolgreich. Mit mehreren Lauf- und Tagessiegen sicherte er sich den Titel Deutscher Jungend Motocross Meister 250 2022.<\/p>\n\n\n\n<figure class=\"wp-block-image size-large\"><img loading=\"lazy\" decoding=\"async\" width=\"1024\" height=\"565\" src=\"http:\/\/beckerracing.de\/wp-content\/uploads\/2025\/04\/2022-1024x565.png\" alt=\"\" class=\"wp-image-1831\" srcset=\"http:\/\/beckerracing.de\/wp-content\/uploads\/2025\/04\/2022-1024x565.png 1024w, http:\/\/beckerracing.de\/wp-content\/uploads\/2025\/04\/2022-300x166.png 300w, http:\/\/beckerracing.de\/wp-content\/uploads\/2025\/04\/2022-768x424.png 768w, http:\/\/beckerracing.de\/wp-content\/uploads\/2025\/04\/2022-1536x848.png 1536w, http:\/\/beckerracing.de\/wp-content\/uploads\/2025\/04\/2022.png 1939w\" sizes=\"auto, (max-width: 1024px) 100vw, 1024px\" \/><\/figure>\n\n\n\n<h2 class=\"wp-block-heading\">ADAC MX Masters 2021<\/h2>\n\n\n\n<p>F\u00fcr das Becker Racing Team gab es in der Saison 2021 neue Farben, denn das Team wird nun vom s\u00fcdafrikanischen Bekleidungshersteller Leatt von Kopf bis Fu\u00df ausgestattet. Jeweils&nbsp; zwei Fahrer vertraten das Team in allen vier Masters Klassen in den neuen Farben. Diese waren in der MX Masters Lucas Ankj\u00e6r (58) und Thomas Vermijl (278), im MX Youngsters Cup Noah Ludwig (300) und Maximilian Frank (551), im Junior Cup 125 Lucas Bruhn (105) und Magnus Gregersen (474) und im Junior Cup 85 Jakob Frandsen (433) und Eimantas Cepulis (623). Highlights der ADAC MX Masters Saison 2021 war der Laufsieg von Noah in Bielstein und seine vielen Holeshots. Aber auch die Junioren lie\u00dfen sich nicht lumpen und fuhren einige Top Ergebnisse ein. In der Teamwertung bedeutete dies Platz 9 in der Meisterschaftswertung.<\/p>\n\n\n\n<p>Auch in der Motocross Weltmeisterschaft ging das Team mit Noah in der MX2 Klasse bei mehreren L\u00e4ufen an den Start. Beim GP of the Netherlands in Oss konnte Noah seinen ersten Weltmeisterschaftspunkt einfahren.<\/p>\n\n\n\n<figure class=\"wp-block-image size-large\"><img loading=\"lazy\" decoding=\"async\" width=\"1024\" height=\"584\" src=\"http:\/\/beckerracing.de\/wp-content\/uploads\/2025\/04\/2021-1024x584.png\" alt=\"\" class=\"wp-image-1830\" srcset=\"http:\/\/beckerracing.de\/wp-content\/uploads\/2025\/04\/2021-1024x584.png 1024w, http:\/\/beckerracing.de\/wp-content\/uploads\/2025\/04\/2021-300x171.png 300w, http:\/\/beckerracing.de\/wp-content\/uploads\/2025\/04\/2021-768x438.png 768w, http:\/\/beckerracing.de\/wp-content\/uploads\/2025\/04\/2021-1536x875.png 1536w, http:\/\/beckerracing.de\/wp-content\/uploads\/2025\/04\/2021.png 1972w\" sizes=\"auto, (max-width: 1024px) 100vw, 1024px\" \/><\/figure>\n\n\n\n<h2 class=\"wp-block-heading\">ADAC MX Masters 2020<\/h2>\n\n\n\n<p>Aufgrund von Beschr\u00e4nkungen durch die Corona Pandemie gab es in dieser Saison leider nicht viele Rennen, nicht alle Fahrer konnten zu den Rennen reisen und die ADAC MX Masters Saison wurde mit lediglich 2 Veranstaltungen als \u201eShort Season\u201c durchgef\u00fchrt. In der ADAC MX Masters starteten Brent van Doninck (32) und Nathan Renkens (83). Und mit jeweils 3 Piloten in den Klassen Youngsters, Junior 125 und Junior 85 war das Becker Racing Team bestens aufgestellt. Diese waren Lucas Ankj\u00e6r (58), Noah Ludwig (300), Jarni Kooij (772), Lucas Bruhn (105), Teddy Jondell (519), Magnus Gregersen (574), Nicolai Skovbjerg (132), Jakob Frandsen (433) und Maxime Lucas (529). H\u00f6hepunkte der kurzen Saison waren die drei Laufpodien von Noah und die beiden dritten Pl\u00e4tze in der Meisterschaft von Noah und Nicolai. Aber auch alle anderen sammelten flei\u00dfig Punkte und bescherten dem Becker Racing Team den Sieg in der Teamwertung.<\/p>\n\n\n\n<figure class=\"wp-block-image size-large\"><img loading=\"lazy\" decoding=\"async\" width=\"1024\" height=\"581\" src=\"http:\/\/beckerracing.de\/wp-content\/uploads\/2025\/04\/2020-1024x581.png\" alt=\"\" class=\"wp-image-1829\" srcset=\"http:\/\/beckerracing.de\/wp-content\/uploads\/2025\/04\/2020-1024x581.png 1024w, http:\/\/beckerracing.de\/wp-content\/uploads\/2025\/04\/2020-300x170.png 300w, http:\/\/beckerracing.de\/wp-content\/uploads\/2025\/04\/2020-768x436.png 768w, http:\/\/beckerracing.de\/wp-content\/uploads\/2025\/04\/2020-1536x872.png 1536w, http:\/\/beckerracing.de\/wp-content\/uploads\/2025\/04\/2020.png 1778w\" sizes=\"auto, (max-width: 1024px) 100vw, 1024px\" \/><\/figure>\n\n\n\n<h2 class=\"wp-block-heading\">ADAC SX Cup 2019\/2020<\/h2>\n\n\n\n<p>Insgesamt 10 Piloten starten f\u00fcr das Becker Racing in der ADAC Supercross Saison 2019\/2020. Diese waren Kevin Ballanger (221) und Jeffrey Meurs (941) in der SX1, Nolan Cordens (13), Lucas Ankj\u00e6r (58) und H\u00e5kon Fredriksen (127) in der SX2 und Magnus Smith (256), Jimmy Grajwoda (319) und Oscar Tonin (857) in der SX125. Highlights der Saison waren der Tagessieg von H\u00e5kon am ersten Abend beim SX in Stuttgart und der Gewinn der SX125 Meisterschaft und seine Podiumsplatzierungen von Magnus.<\/p>\n\n\n\n<p>Auch international startete das Becker Racing Team beim Supercross. So belegte H\u00e5kon an einem Abend beim Supercross in Genf einen hervorragenden zweiten Platz.<\/p>\n\n\n\n<figure class=\"wp-block-image size-large\"><img loading=\"lazy\" decoding=\"async\" width=\"1024\" height=\"610\" src=\"http:\/\/beckerracing.de\/wp-content\/uploads\/2025\/04\/sx2019-1024x610.png\" alt=\"\" class=\"wp-image-1828\" srcset=\"http:\/\/beckerracing.de\/wp-content\/uploads\/2025\/04\/sx2019-1024x610.png 1024w, http:\/\/beckerracing.de\/wp-content\/uploads\/2025\/04\/sx2019-300x179.png 300w, http:\/\/beckerracing.de\/wp-content\/uploads\/2025\/04\/sx2019-768x457.png 768w, http:\/\/beckerracing.de\/wp-content\/uploads\/2025\/04\/sx2019-1536x915.png 1536w, http:\/\/beckerracing.de\/wp-content\/uploads\/2025\/04\/sx2019.png 1901w\" sizes=\"auto, (max-width: 1024px) 100vw, 1024px\" \/><\/figure>\n\n\n\n<h2 class=\"wp-block-heading\">ADAC MX Masters 2019<\/h2>\n\n\n\n<p>In der ADAC MX Masters Saison 2019 ist das Becker Racing Team auf stattliche 10 Fahrer angewachsen. So starteten mit H\u00e5kon Mindreb\u00f8e (26), Patrik Li\u0161ka (89), Vaclav Kovar (101), Stefan Kjer Olsen (135) und Bryan Engelen (194) allein f\u00fcnf in der MX Masters Klasse. Bei den Youngsters gingen Nolan Cordens (13), H\u00e5kon Fredriksen (127) und Jarni Kooij (772) an den Start. Im MX Junior Cup 85 vertraten Lucas Bruhn (405) und Mads Freds\u00f8e (515) das Team in den IXS Farben. Highlights der Saison gab es gleich zum Saisonauftakt in F\u00fcrstlich Drehna, hier sorgte Stefan mit der Pole Position f\u00fcr eine \u00dcberraschung bei den Masters und fuhr auf einen vierten Tagesrang. Lucas machtes es noch etwas besser und konnte mit Platz 3 sein erstens Junior Cup 85 Podium feiern. In der Teamwertung belegte das Becker Racing Team Platz 7.<\/p>\n\n\n\n<p>Auch in der Motocross Welt- und Europameisterschaft fand man das Becker Racing Team in den Startlisten. So starteten H\u00e5kon Mindreb\u00f8e und H\u00e5kon Fredriksen beim MXGP of Sweden in Uddevalla in den Klassen MXGP und EMX250.<\/p>\n\n\n\n<figure class=\"wp-block-image size-large\"><img loading=\"lazy\" decoding=\"async\" width=\"1024\" height=\"581\" src=\"http:\/\/beckerracing.de\/wp-content\/uploads\/2025\/04\/2019-1024x581.png\" alt=\"\" class=\"wp-image-1827\" srcset=\"http:\/\/beckerracing.de\/wp-content\/uploads\/2025\/04\/2019-1024x581.png 1024w, http:\/\/beckerracing.de\/wp-content\/uploads\/2025\/04\/2019-300x170.png 300w, http:\/\/beckerracing.de\/wp-content\/uploads\/2025\/04\/2019-768x435.png 768w, http:\/\/beckerracing.de\/wp-content\/uploads\/2025\/04\/2019-1536x871.png 1536w, http:\/\/beckerracing.de\/wp-content\/uploads\/2025\/04\/2019.png 1949w\" sizes=\"auto, (max-width: 1024px) 100vw, 1024px\" \/><\/figure>\n\n\n\n<h2 class=\"wp-block-heading\">ADAC SX Cup 2018\/2019<\/h2>\n\n\n\n<p>Ebenfalls mit IXS Bekleidung ging es f\u00fcr das Becker Racing Team in die Supercross Saison 2018\/2019. Neben einigen Sonderaktionen, wie zum Beispiel das IXS Gl\u00fccksrad, bei dem es in Dortmund einiges f\u00fcr die Zuschauer zu gewinnen gab, startete das Team mit Matthew Bayliss (10) in der Klasse SX1. In der Klasse SX2 starteten Nolan Cordens (13), Hugo Manzato (965) und in Dortmund auch H\u00e5kon Fredriksen (427). In der SX125 zeigte Jimmy Grajwoda (219) sein K\u00f6nnen und in der SX3 taten dies ebenfalls Oscar Brix (188), Lucas Bruhn (405) und Mads Freds\u00f8e (515). Neben den vielen gesammelten Punkten waren die Podestr\u00e4nge von Jimmy und Mads in den Lauf- und Gesamtwertungen die H\u00f6hepunkte der ADAC SX Saison.<\/p>\n\n\n\n<figure class=\"wp-block-image size-large\"><img loading=\"lazy\" decoding=\"async\" width=\"1024\" height=\"550\" src=\"http:\/\/beckerracing.de\/wp-content\/uploads\/2025\/04\/sx2018-1024x550.png\" alt=\"\" class=\"wp-image-1826\" srcset=\"http:\/\/beckerracing.de\/wp-content\/uploads\/2025\/04\/sx2018-1024x550.png 1024w, http:\/\/beckerracing.de\/wp-content\/uploads\/2025\/04\/sx2018-300x161.png 300w, http:\/\/beckerracing.de\/wp-content\/uploads\/2025\/04\/sx2018-768x412.png 768w, http:\/\/beckerracing.de\/wp-content\/uploads\/2025\/04\/sx2018-1536x824.png 1536w, http:\/\/beckerracing.de\/wp-content\/uploads\/2025\/04\/sx2018.png 1962w\" sizes=\"auto, (max-width: 1024px) 100vw, 1024px\" \/><\/figure>\n\n\n\n<h2 class=\"wp-block-heading\">ADAC MX Masters 2018<\/h2>\n\n\n\n<p>In der Saison 2018 wurde das Team erstmals vom Bekleidungshersteller IXS unterst\u00fctzt und so waren die Fahrer in den Teamfarben Gelb und Rot deutlich zu erkennen. Bei den MX Masters starteten Vaclav Kovar (101) und Florian Hellrigl (531). Im MX Youngsters Cup war des Becker Racing Team mit Nolan Cordens (13), Dani de Vries (154), Martin Winter (323) und Jarni Kooij (772) vertreten. Lucas Bruhn (405) vervollst\u00e4ndigte das Team im MX Junior Cup 85. Alle zusammen sammelten \u00fcber die Saison flei\u00dfig Punkte und so belegte das Becker Racing Team in der Teamwertung der ADAC MX Masters 2018 den 12. Platz.<\/p>\n\n\n\n<figure class=\"wp-block-image size-large\"><img loading=\"lazy\" decoding=\"async\" width=\"1024\" height=\"585\" src=\"http:\/\/beckerracing.de\/wp-content\/uploads\/2025\/04\/2018-1024x585.png\" alt=\"\" class=\"wp-image-1824\" srcset=\"http:\/\/beckerracing.de\/wp-content\/uploads\/2025\/04\/2018-1024x585.png 1024w, http:\/\/beckerracing.de\/wp-content\/uploads\/2025\/04\/2018-300x171.png 300w, http:\/\/beckerracing.de\/wp-content\/uploads\/2025\/04\/2018-768x438.png 768w, http:\/\/beckerracing.de\/wp-content\/uploads\/2025\/04\/2018-1536x877.png 1536w, http:\/\/beckerracing.de\/wp-content\/uploads\/2025\/04\/2018.png 1932w\" sizes=\"auto, (max-width: 1024px) 100vw, 1024px\" \/><\/figure>\n\n\n\n<h2 class=\"wp-block-heading\">ADAC SX Cup 2017\/2018<\/h2>\n\n\n\n<p>In der ersten Supercross Saison lautete der offizielle Name des Teams Becker Racing by Mefo Sport. F\u00fcr das Team starteten Constantin Piller (532) und Mads Freds\u00f8e (515) in der SX3, Magnus Smith (356) und Martin Dahlgaard in der SX125, Nolan Cordens (13) und Florian Hellrigl (531) in der SX2 und Moritz Schittenhelm (126) in der SX1. Highlights waren die Podestr\u00e4nge von Constantin und Magnus und die jeweils dritten Pl\u00e4tze in ihren Klassen im ADAC SX Cup.<\/p>\n\n\n\n<figure class=\"wp-block-image size-large\"><img loading=\"lazy\" decoding=\"async\" width=\"1024\" height=\"576\" src=\"http:\/\/beckerracing.de\/wp-content\/uploads\/2025\/04\/sx2017-1024x576.png\" alt=\"\" class=\"wp-image-1823\" srcset=\"http:\/\/beckerracing.de\/wp-content\/uploads\/2025\/04\/sx2017-1024x576.png 1024w, http:\/\/beckerracing.de\/wp-content\/uploads\/2025\/04\/sx2017-300x169.png 300w, http:\/\/beckerracing.de\/wp-content\/uploads\/2025\/04\/sx2017-768x432.png 768w, http:\/\/beckerracing.de\/wp-content\/uploads\/2025\/04\/sx2017-1536x864.png 1536w, http:\/\/beckerracing.de\/wp-content\/uploads\/2025\/04\/sx2017-1110x624.png 1110w, http:\/\/beckerracing.de\/wp-content\/uploads\/2025\/04\/sx2017-528x297.png 528w, http:\/\/beckerracing.de\/wp-content\/uploads\/2025\/04\/sx2017.png 1907w\" sizes=\"auto, (max-width: 1024px) 100vw, 1024px\" \/><\/figure>\n\n\n\n<h2 class=\"wp-block-heading\">ADAC MX Masters 2017<\/h2>\n\n\n\n<p>Nach einer \u00fcberraschenden Trennung eines Partners, tauchte das Becker Racing Team zum ersten Mal gegen Mitte der ADAC MX Masters Saison 2017 in den Startlisten auf und wird seitdem von Thomas Becker geleitet. Mit f\u00fcnf Fahrern war das Team in allen Klassen vertreten. Diese waren bei den MX Masters Dani de Vries (154), Nolan Cordens (413), bei den MX Youngsters Marnique Kranz (911), Tim Biersack (916) und der Junior Tyler Loth (8).<\/p>\n\n\n\n<figure class=\"wp-block-image size-large\"><img loading=\"lazy\" decoding=\"async\" width=\"1024\" height=\"554\" src=\"http:\/\/beckerracing.de\/wp-content\/uploads\/2025\/04\/2017-1024x554.png\" alt=\"\" class=\"wp-image-1821\" srcset=\"http:\/\/beckerracing.de\/wp-content\/uploads\/2025\/04\/2017-1024x554.png 1024w, http:\/\/beckerracing.de\/wp-content\/uploads\/2025\/04\/2017-300x162.png 300w, http:\/\/beckerracing.de\/wp-content\/uploads\/2025\/04\/2017-768x416.png 768w, http:\/\/beckerracing.de\/wp-content\/uploads\/2025\/04\/2017-1536x832.png 1536w, http:\/\/beckerracing.de\/wp-content\/uploads\/2025\/04\/2017-1110x600.png 1110w, http:\/\/beckerracing.de\/wp-content\/uploads\/2025\/04\/2017.png 1947w\" sizes=\"auto, (max-width: 1024px) 100vw, 1024px\" \/><\/figure>\n","protected":false},"excerpt":{"rendered":"<p>ADAC MX Masters 2025 Mit insgesamt 13 Fahrer z\u00e4hlte das Becker Racing Team in der Saison 2025 zu einem der gr\u00f6\u00dften im ADAC MX Masters Fahrerlager. In der Masters Klasse starteten Maximilian Spies (7), Vaclav Kovar (101), Nico Koch (260), Thomas Vermijl (278) und Marnique Appelt (440). Lucas Bruhn (105) Jonathan Frank (194) und Maxime [&hellip;]<\/p>\n","protected":false},"author":1,"featured_media":0,"parent":0,"menu_order":0,"comment_status":"closed","ping_status":"closed","template":"","meta":{"footnotes":""},"class_list":["post-1813","page","type-page","status-publish","czr-hentry"],"jetpack_sharing_enabled":true,"_links":{"self":[{"href":"http:\/\/beckerracing.de\/index.php?rest_route=\/wp\/v2\/pages\/1813","targetHints":{"allow":["GET"]}}],"collection":[{"href":"http:\/\/beckerracing.de\/index.php?rest_route=\/wp\/v2\/pages"}],"about":[{"href":"http:\/\/beckerracing.de\/index.php?rest_route=\/wp\/v2\/types\/page"}],"author":[{"embeddable":true,"href":"http:\/\/beckerracing.de\/index.php?rest_route=\/wp\/v2\/users\/1"}],"replies":[{"embeddable":true,"href":"http:\/\/beckerracing.de\/index.php?rest_route=%2Fwp%2Fv2%2Fcomments&post=1813"}],"version-history":[{"count":14,"href":"http:\/\/beckerracing.de\/index.php?rest_route=\/wp\/v2\/pages\/1813\/revisions"}],"predecessor-version":[{"id":2057,"href":"http:\/\/beckerracing.de\/index.php?rest_route=\/wp\/v2\/pages\/1813\/revisions\/2057"}],"wp:attachment":[{"href":"http:\/\/beckerracing.de\/index.php?rest_route=%2Fwp%2Fv2%2Fmedia&parent=1813"}],"curies":[{"name":"wp","href":"https:\/\/api.w.org\/{rel}","templated":true}]}}